{"id":20579,"date":"2022-12-16T12:35:29","date_gmt":"2022-12-16T11:35:29","guid":{"rendered":"https:\/\/rocamoraarquitectura.com\/audiovisual\/"},"modified":"2023-03-09T13:59:32","modified_gmt":"2023-03-09T12:59:32","slug":"audiovisual","status":"publish","type":"page","link":"https:\/\/rocamoraarquitectura.com\/en\/audiovisual\/","title":{"rendered":"Audiovisual"},"content":{"rendered":"\t\t<div data-elementor-type=\"wp-page\" data-elementor-id=\"20579\" class=\"elementor elementor-20579 elementor-17601\" data-elementor-post-type=\"page\">\n\t\t\t\t<div class=\"elementor-element elementor-element-fe6c92f e-flex e-con-boxed e-con e-parent\" data-id=\"fe6c92f\" data-element_type=\"container\" data-e-type=\"container\">\n\t\t\t\t\t<div class=\"e-con-inner\">\n\t\t\t\t<div class=\"elementor-element elementor-element-a7f37f2 elementor-widget elementor-widget-heading\" data-id=\"a7f37f2\" data-element_type=\"widget\" data-e-type=\"widget\" data-widget_type=\"heading.default\">\n\t\t\t\t<div class=\"elementor-widget-container\">\n\t\t\t\t\t<h1 class=\"elementor-heading-title elementor-size-default\">AUDIOVISUALS FOR MUSEUMS AND EXHIBITIONS<\/h1>\t\t\t\t<\/div>\n\t\t\t\t<\/div>\n\t\t\t\t<div class=\"elementor-element elementor-element-d519303 elementor-widget elementor-widget-text-editor\" data-id=\"d519303\" data-element_type=\"widget\" data-e-type=\"widget\" data-widget_type=\"text-editor.default\">\n\t\t\t\t<div class=\"elementor-widget-container\">\n\t\t\t\t\t\t\t\t\t<p>Regardless of the nature of the content of each exhibition, <b>audiovisuals are an important element in these spaces<\/b>. In an increasingly digital and interactive world, technology and innovation also have their place in the world of art and culture.<\/p>\n<p>Our team specialized in audiovisuals for exhibitions, designs and creates audiovisual content, based on the narrative of the exhibition, images provided and its content.<\/p>\n\t\t\t\t\t\t\t\t<\/div>\n\t\t\t\t<\/div>\n\t\t\t\t\t<\/div>\n\t\t\t\t<\/div>\n\t\t<div class=\"elementor-element elementor-element-5195ec5 e-flex e-con-boxed e-con e-parent\" data-id=\"5195ec5\" data-element_type=\"container\" data-e-type=\"container\">\n\t\t\t\t\t<div class=\"e-con-inner\">\n\t\t\t\t<div class=\"elementor-element elementor-element-1ec7181 elementor-skin-slideshow elementor-widget elementor-widget-media-carousel\" data-id=\"1ec7181\" data-element_type=\"widget\" data-e-type=\"widget\" data-settings=\"{&quot;skin&quot;:&quot;slideshow&quot;,&quot;effect&quot;:&quot;fade&quot;,&quot;autoplay_speed&quot;:6000,&quot;lazyload&quot;:&quot;yes&quot;,&quot;space_between_tablet&quot;:{&quot;unit&quot;:&quot;px&quot;,&quot;size&quot;:25,&quot;sizes&quot;:[]},&quot;slideshow_slides_per_view&quot;:&quot;5&quot;,&quot;speed&quot;:500,&quot;autoplay&quot;:&quot;yes&quot;,&quot;loop&quot;:&quot;yes&quot;,&quot;pause_on_hover&quot;:&quot;yes&quot;,&quot;pause_on_interaction&quot;:&quot;yes&quot;,&quot;space_between&quot;:{&quot;unit&quot;:&quot;px&quot;,&quot;size&quot;:10,&quot;sizes&quot;:[]},&quot;space_between_widescreen&quot;:{&quot;unit&quot;:&quot;px&quot;,&quot;size&quot;:10,&quot;sizes&quot;:[]},&quot;space_between_laptop&quot;:{&quot;unit&quot;:&quot;px&quot;,&quot;size&quot;:10,&quot;sizes&quot;:[]},&quot;space_between_tablet_extra&quot;:{&quot;unit&quot;:&quot;px&quot;,&quot;size&quot;:10,&quot;sizes&quot;:[]},&quot;space_between_mobile&quot;:{&quot;unit&quot;:&quot;px&quot;,&quot;size&quot;:10,&quot;sizes&quot;:[]}}\" data-widget_type=\"media-carousel.default\">\n\t\t\t\t<div class=\"elementor-widget-container\">\n\t\t\t\t\t\t\t\t\t<div class=\"elementor-swiper\">\n\t\t\t\t\t<div class=\"elementor-main-swiper swiper\" role=\"region\" aria-roledescription=\"carousel\" aria-label=\"Slides\">\n\t\t\t\t<div class=\"swiper-wrapper\">\n\t\t\t\t\t\t\t\t\t\t\t<div class=\"swiper-slide\" role=\"group\" aria-roledescription=\"slide\">\n\t\t\t\t\t\t\t<a href=\"https:\/\/rocamoraarquitectura.com\/wp-content\/uploads\/2022\/09\/R_la-escoleta-exili-monovar-4.jpg\" data-elementor-open-lightbox=\"yes\" data-elementor-lightbox-slideshow=\"1ec7181\" data-e-action-hash=\"#elementor-action%3Aaction%3Dlightbox%26settings%3DeyJpZCI6MTQwODksInVybCI6Imh0dHBzOlwvXC9yb2NhbW9yYWFycXVpdGVjdHVyYS5jb21cL3dwLWNvbnRlbnRcL3VwbG9hZHNcLzIwMjJcLzA5XC9SX2xhLWVzY29sZXRhLWV4aWxpLW1vbm92YXItNC5qcGciLCJzbGlkZXNob3ciOiIxZWM3MTgxIn0%3D\" data-elementor-lightbox-video=\"https:\/\/player.vimeo.com\/video\/603728662?autoplay=1&amp;rel=0&amp;controls=0&amp;h=0d64b5ad44#t=\">\t\t<div class=\"elementor-carousel-image swiper-lazy\" role=\"img\" aria-label=\"DISE\u00d1O DE LA  MUSEOGRAFIA DEL CENTRO DE INTERPRETACI\u00d3N PARA EL\" data-background=\"https:\/\/rocamoraarquitectura.com\/wp-content\/uploads\/2022\/09\/R_la-escoleta-exili-monovar-4.jpg\">\n\n\t\t\t\t\t\t\t<div class=\"swiper-lazy-preloader\"><\/div>\n\t\t\t\n\t\t\t\t\t\t\t<div class=\"elementor-custom-embed-play\">\n\t\t\t\t\t<i aria-hidden=\"true\" class=\"eicon-play\"><\/i>\t\t\t\t\t<span class=\"elementor-screen-only\">Play<\/span>\n\t\t\t\t<\/div>\n\t\t\t\t\t<\/div>\n\t\t<\/a>\t\t\t\t\t\t<\/div>\n\t\t\t\t\t\t\t\t\t\t\t<div class=\"swiper-slide\" role=\"group\" aria-roledescription=\"slide\">\n\t\t\t\t\t\t\t<a href=\"https:\/\/rocamoraarquitectura.com\/wp-content\/uploads\/2020\/01\/idolos-rocamora-2-1-1024x693-1.jpg\" data-elementor-open-lightbox=\"yes\" data-elementor-lightbox-slideshow=\"1ec7181\" data-e-action-hash=\"#elementor-action%3Aaction%3Dlightbox%26settings%3DeyJpZCI6MTQ3MzcsInVybCI6Imh0dHBzOlwvXC9yb2NhbW9yYWFycXVpdGVjdHVyYS5jb21cL3dwLWNvbnRlbnRcL3VwbG9hZHNcLzIwMjBcLzAxXC9pZG9sb3Mtcm9jYW1vcmEtMi0xLTEwMjR4NjkzLTEuanBnIiwic2xpZGVzaG93IjoiMWVjNzE4MSJ9\" data-elementor-lightbox-video=\"https:\/\/player.vimeo.com\/video\/601800644?autoplay=1&amp;rel=0&amp;controls=0&amp;h=7a83e0e00c#t=\">\t\t<div class=\"elementor-carousel-image swiper-lazy\" role=\"img\" aria-label=\"idolos-rocamora-2-1-1024x693\" data-background=\"https:\/\/rocamoraarquitectura.com\/wp-content\/uploads\/2020\/01\/idolos-rocamora-2-1-1024x693-1.jpg\">\n\n\t\t\t\t\t\t\t<div class=\"swiper-lazy-preloader\"><\/div>\n\t\t\t\n\t\t\t\t\t\t\t<div class=\"elementor-custom-embed-play\">\n\t\t\t\t\t<i aria-hidden=\"true\" class=\"eicon-play\"><\/i>\t\t\t\t\t<span class=\"elementor-screen-only\">Play<\/span>\n\t\t\t\t<\/div>\n\t\t\t\t\t<\/div>\n\t\t<\/a>\t\t\t\t\t\t<\/div>\n\t\t\t\t\t\t\t\t\t\t\t<div class=\"swiper-slide\" role=\"group\" aria-roledescription=\"slide\">\n\t\t\t\t\t\t\t<a href=\"https:\/\/rocamoraarquitectura.com\/wp-content\/uploads\/2020\/01\/idolos-rocamora-6-1024x768-1.jpg\" data-elementor-open-lightbox=\"yes\" data-elementor-lightbox-slideshow=\"1ec7181\" data-e-action-hash=\"#elementor-action%3Aaction%3Dlightbox%26settings%3DeyJpZCI6MTQ3MzksInVybCI6Imh0dHBzOlwvXC9yb2NhbW9yYWFycXVpdGVjdHVyYS5jb21cL3dwLWNvbnRlbnRcL3VwbG9hZHNcLzIwMjBcLzAxXC9pZG9sb3Mtcm9jYW1vcmEtNi0xMDI0eDc2OC0xLmpwZyIsInNsaWRlc2hvdyI6IjFlYzcxODEifQ%3D%3D\" data-elementor-lightbox-video=\"https:\/\/player.vimeo.com\/video\/600234882?autoplay=1&amp;rel=0&amp;controls=0&amp;h=6d96f9e1c4#t=\">\t\t<div class=\"elementor-carousel-image swiper-lazy\" role=\"img\" aria-label=\"idolos-rocamora-6-1024x768\" data-background=\"https:\/\/rocamoraarquitectura.com\/wp-content\/uploads\/2020\/01\/idolos-rocamora-6-1024x768-1.jpg\">\n\n\t\t\t\t\t\t\t<div class=\"swiper-lazy-preloader\"><\/div>\n\t\t\t\n\t\t\t\t\t\t\t<div class=\"elementor-custom-embed-play\">\n\t\t\t\t\t<i aria-hidden=\"true\" class=\"eicon-play\"><\/i>\t\t\t\t\t<span class=\"elementor-screen-only\">Play<\/span>\n\t\t\t\t<\/div>\n\t\t\t\t\t<\/div>\n\t\t<\/a>\t\t\t\t\t\t<\/div>\n\t\t\t\t\t\t\t\t\t\t\t<div class=\"swiper-slide\" role=\"group\" aria-roledescription=\"slide\">\n\t\t\t\t\t\t\t<a href=\"https:\/\/rocamoraarquitectura.com\/wp-content\/uploads\/2022\/11\/DISENO-EXPOSITIVO-MUSEOGRAFICO-CASA-MUSEO-INGENIERO-MIRA-GUARDAMAR-DEL-SEGURA-POR-ROCAMORA-DISENO-Y-ARQUITECTURA-ELCHE-ALICANTE-ESPANA_07-scaled.jpg\" data-elementor-open-lightbox=\"yes\" data-elementor-lightbox-slideshow=\"1ec7181\" data-e-action-hash=\"#elementor-action%3Aaction%3Dlightbox%26settings%3DeyJpZCI6MTYxODksInVybCI6Imh0dHBzOlwvXC9yb2NhbW9yYWFycXVpdGVjdHVyYS5jb21cL3dwLWNvbnRlbnRcL3VwbG9hZHNcLzIwMjJcLzExXC9ESVNFTk8tRVhQT1NJVElWTy1NVVNFT0dSQUZJQ08tQ0FTQS1NVVNFTy1JTkdFTklFUk8tTUlSQS1HVUFSREFNQVItREVMLVNFR1VSQS1QT1ItUk9DQU1PUkEtRElTRU5PLVktQVJRVUlURUNUVVJBLUVMQ0hFLUFMSUNBTlRFLUVTUEFOQV8wNy1zY2FsZWQuanBnIiwic2xpZGVzaG93IjoiMWVjNzE4MSJ9\" data-elementor-lightbox-video=\"https:\/\/player.vimeo.com\/video\/595107076?autoplay=1&amp;rel=0&amp;controls=0&amp;h=4293ce63fc#t=\">\t\t<div class=\"elementor-carousel-image swiper-lazy\" role=\"img\" aria-label=\"DISE\u00d1O EXPOSITIVO MUSEOGRAFICO CASA MUSEO INGENIERO MIRA GUARDAMAR DEL SEGURA POR ROCAMORA DISE\u00d1O Y ARQUITECTURA ELCHE ALICANTE ESPA\u00d1A\" data-background=\"https:\/\/rocamoraarquitectura.com\/wp-content\/uploads\/2022\/11\/DISENO-EXPOSITIVO-MUSEOGRAFICO-CASA-MUSEO-INGENIERO-MIRA-GUARDAMAR-DEL-SEGURA-POR-ROCAMORA-DISENO-Y-ARQUITECTURA-ELCHE-ALICANTE-ESPANA_07-scaled.jpg\">\n\n\t\t\t\t\t\t\t<div class=\"swiper-lazy-preloader\"><\/div>\n\t\t\t\n\t\t\t\t\t\t\t<div class=\"elementor-custom-embed-play\">\n\t\t\t\t\t<i aria-hidden=\"true\" class=\"eicon-play\"><\/i>\t\t\t\t\t<span class=\"elementor-screen-only\">Play<\/span>\n\t\t\t\t<\/div>\n\t\t\t\t\t<\/div>\n\t\t<\/a>\t\t\t\t\t\t<\/div>\n\t\t\t\t\t\t\t\t\t\t\t<div class=\"swiper-slide\" role=\"group\" aria-roledescription=\"slide\">\n\t\t\t\t\t\t\t<a href=\"https:\/\/rocamoraarquitectura.com\/wp-content\/uploads\/2022\/11\/DISENO-EXPOSITIVO-MUSEOGRAFICO-CASA-MUSEO-INGENIERO-MIRA-GUARDAMAR-DEL-SEGURA-POR-ROCAMORA-DISENO-Y-ARQUITECTURA-ELCHE-ALICANTE-ESPANA_05-1-scaled.jpg\" data-elementor-open-lightbox=\"yes\" data-elementor-lightbox-slideshow=\"1ec7181\" data-e-action-hash=\"#elementor-action%3Aaction%3Dlightbox%26settings%3DeyJpZCI6MTYxOTAsInVybCI6Imh0dHBzOlwvXC9yb2NhbW9yYWFycXVpdGVjdHVyYS5jb21cL3dwLWNvbnRlbnRcL3VwbG9hZHNcLzIwMjJcLzExXC9ESVNFTk8tRVhQT1NJVElWTy1NVVNFT0dSQUZJQ08tQ0FTQS1NVVNFTy1JTkdFTklFUk8tTUlSQS1HVUFSREFNQVItREVMLVNFR1VSQS1QT1ItUk9DQU1PUkEtRElTRU5PLVktQVJRVUlURUNUVVJBLUVMQ0hFLUFMSUNBTlRFLUVTUEFOQV8wNS0xLXNjYWxlZC5qcGciLCJzbGlkZXNob3ciOiIxZWM3MTgxIn0%3D\" data-elementor-lightbox-video=\"https:\/\/player.vimeo.com\/video\/586745927?autoplay=1&amp;rel=0&amp;controls=0&amp;h=4890e99184#t=\">\t\t<div class=\"elementor-carousel-image swiper-lazy\" role=\"img\" aria-label=\"DISE\u00d1O EXPOSITIVO MUSEOGRAFICO CASA MUSEO INGENIERO MIRA GUARDAMAR DEL SEGURA POR ROCAMORA DISE\u00d1O Y ARQUITECTURA ELCHE ALICANTE ESPA\u00d1A\" data-background=\"https:\/\/rocamoraarquitectura.com\/wp-content\/uploads\/2022\/11\/DISENO-EXPOSITIVO-MUSEOGRAFICO-CASA-MUSEO-INGENIERO-MIRA-GUARDAMAR-DEL-SEGURA-POR-ROCAMORA-DISENO-Y-ARQUITECTURA-ELCHE-ALICANTE-ESPANA_05-1-scaled.jpg\">\n\n\t\t\t\t\t\t\t<div class=\"swiper-lazy-preloader\"><\/div>\n\t\t\t\n\t\t\t\t\t\t\t<div class=\"elementor-custom-embed-play\">\n\t\t\t\t\t<i aria-hidden=\"true\" class=\"eicon-play\"><\/i>\t\t\t\t\t<span class=\"elementor-screen-only\">Play<\/span>\n\t\t\t\t<\/div>\n\t\t\t\t\t<\/div>\n\t\t<\/a>\t\t\t\t\t\t<\/div>\n\t\t\t\t\t\t\t\t\t<\/div>\n\t\t\t\t\t\t\t\t\t\t\t\t\t\t\t\t\t\t\t\t\t<\/div>\n\t\t\t\t<\/div>\n\t\t\t\t\t\t\t\t<div class=\"elementor-swiper\">\n\t\t\t\t\t<div class=\"elementor-main-swiper swiper elementor-thumbnails-swiper swiper\" role=\"region region\" aria-roledescription=\"carousel carousel\" aria-label=\"Slides Slides\">\n\t\t\t\t<div class=\"swiper-wrapper\">\n\t\t\t\t\t\t\t\t\t\t\t<div class=\"swiper-slide\" role=\"group\" aria-roledescription=\"slide\">\n\t\t\t\t\t\t\t\t\t<div class=\"elementor-carousel-image swiper-lazy\" role=\"img\" aria-label=\"DISE\u00d1O DE LA  MUSEOGRAFIA DEL CENTRO DE INTERPRETACI\u00d3N PARA EL\" data-background=\"https:\/\/rocamoraarquitectura.com\/wp-content\/uploads\/2022\/09\/R_la-escoleta-exili-monovar-4.jpg\">\n\n\t\t\t\t\t\t\t<div class=\"swiper-lazy-preloader\"><\/div>\n\t\t\t\n\t\t\t\t\t<\/div>\n\t\t<\/a>\t\t\t\t\t\t<\/div>\n\t\t\t\t\t\t\t\t\t\t\t<div class=\"swiper-slide\" role=\"group\" aria-roledescription=\"slide\">\n\t\t\t\t\t\t\t\t\t<div class=\"elementor-carousel-image swiper-lazy\" role=\"img\" aria-label=\"idolos-rocamora-2-1-1024x693\" data-background=\"https:\/\/rocamoraarquitectura.com\/wp-content\/uploads\/2020\/01\/idolos-rocamora-2-1-1024x693-1.jpg\">\n\n\t\t\t\t\t\t\t<div class=\"swiper-lazy-preloader\"><\/div>\n\t\t\t\n\t\t\t\t\t<\/div>\n\t\t<\/a>\t\t\t\t\t\t<\/div>\n\t\t\t\t\t\t\t\t\t\t\t<div class=\"swiper-slide\" role=\"group\" aria-roledescription=\"slide\">\n\t\t\t\t\t\t\t\t\t<div class=\"elementor-carousel-image swiper-lazy\" role=\"img\" aria-label=\"idolos-rocamora-6-1024x768\" data-background=\"https:\/\/rocamoraarquitectura.com\/wp-content\/uploads\/2020\/01\/idolos-rocamora-6-1024x768-1.jpg\">\n\n\t\t\t\t\t\t\t<div class=\"swiper-lazy-preloader\"><\/div>\n\t\t\t\n\t\t\t\t\t<\/div>\n\t\t<\/a>\t\t\t\t\t\t<\/div>\n\t\t\t\t\t\t\t\t\t\t\t<div class=\"swiper-slide\" role=\"group\" aria-roledescription=\"slide\">\n\t\t\t\t\t\t\t\t\t<div class=\"elementor-carousel-image swiper-lazy\" role=\"img\" aria-label=\"DISE\u00d1O EXPOSITIVO MUSEOGRAFICO CASA MUSEO INGENIERO MIRA GUARDAMAR DEL SEGURA POR ROCAMORA DISE\u00d1O Y ARQUITECTURA ELCHE ALICANTE ESPA\u00d1A\" data-background=\"https:\/\/rocamoraarquitectura.com\/wp-content\/uploads\/2022\/11\/DISENO-EXPOSITIVO-MUSEOGRAFICO-CASA-MUSEO-INGENIERO-MIRA-GUARDAMAR-DEL-SEGURA-POR-ROCAMORA-DISENO-Y-ARQUITECTURA-ELCHE-ALICANTE-ESPANA_07-scaled.jpg\">\n\n\t\t\t\t\t\t\t<div class=\"swiper-lazy-preloader\"><\/div>\n\t\t\t\n\t\t\t\t\t<\/div>\n\t\t<\/a>\t\t\t\t\t\t<\/div>\n\t\t\t\t\t\t\t\t\t\t\t<div class=\"swiper-slide\" role=\"group\" aria-roledescription=\"slide\">\n\t\t\t\t\t\t\t\t\t<div class=\"elementor-carousel-image swiper-lazy\" role=\"img\" aria-label=\"DISE\u00d1O EXPOSITIVO MUSEOGRAFICO CASA MUSEO INGENIERO MIRA GUARDAMAR DEL SEGURA POR ROCAMORA DISE\u00d1O Y ARQUITECTURA ELCHE ALICANTE ESPA\u00d1A\" data-background=\"https:\/\/rocamoraarquitectura.com\/wp-content\/uploads\/2022\/11\/DISENO-EXPOSITIVO-MUSEOGRAFICO-CASA-MUSEO-INGENIERO-MIRA-GUARDAMAR-DEL-SEGURA-POR-ROCAMORA-DISENO-Y-ARQUITECTURA-ELCHE-ALICANTE-ESPANA_05-1-scaled.jpg\">\n\n\t\t\t\t\t\t\t<div class=\"swiper-lazy-preloader\"><\/div>\n\t\t\t\n\t\t\t\t\t<\/div>\n\t\t<\/a>\t\t\t\t\t\t<\/div>\n\t\t\t\t\t\t\t\t\t<\/div>\n\t\t\t\t\t\t\t\t\t\t\t\t\t\t\t\t\t\t\t\t\t<\/div>\n\t\t\t\t<\/div>\n\t\t\t\t\t\t\t\t<\/div>\n\t\t\t\t<\/div>\n\t\t\t\t\t<\/div>\n\t\t\t\t<\/div>\n\t\t\t\t<\/div>\n\t\t","protected":false},"excerpt":{"rendered":"<p>AUDIOVISUALS FOR MUSEUMS AND EXHIBITIONS Regardless of the nature of the content of each exhibition, audiovisuals are an important element in these spaces. In an increasingly digital and interactive world, technology and innovation also have their place in the world of art and culture. Our team specialized in audiovisuals for exhibitions, designs and creates audiovisual content, based on the narrative of the exhibition, images provided and its content. Reproducir Reproducir Reproducir Reproducir Reproducir<\/p>\n","protected":false},"author":6,"featured_media":0,"parent":0,"menu_order":0,"comment_status":"closed","ping_status":"closed","template":"","meta":{"footnotes":""},"class_list":["post-20579","page","type-page","status-publish","hentry"],"yoast_head":"<!-- This site is optimized with the Yoast SEO plugin v27.1.1 - https:\/\/yoast.com\/product\/yoast-seo-wordpress\/ -->\n<title>Audiovisual - Rocamora<\/title>\n<meta name=\"robots\" content=\"index, follow, max-snippet:-1, max-image-preview:large, max-video-preview:-1\" \/>\n<link rel=\"canonical\" href=\"https:\/\/rocamoraarquitectura.com\/en\/audiovisual\/\" \/>\n<meta property=\"og:locale\" content=\"en_US\" \/>\n<meta property=\"og:type\" content=\"article\" \/>\n<meta property=\"og:title\" content=\"Audiovisual - Rocamora\" \/>\n<meta property=\"og:description\" content=\"AUDIOVISUALS FOR MUSEUMS AND EXHIBITIONS Regardless of the nature of the content of each exhibition, audiovisuals are an important element in these spaces. In an increasingly digital and interactive world, technology and innovation also have their place in the world of art and culture. Our team specialized in audiovisuals for exhibitions, designs and creates audiovisual content, based on the narrative of the exhibition, images provided and its content. Reproducir Reproducir Reproducir Reproducir Reproducir\" \/>\n<meta property=\"og:url\" content=\"https:\/\/rocamoraarquitectura.com\/en\/audiovisual\/\" \/>\n<meta property=\"og:site_name\" content=\"Rocamora\" \/>\n<meta property=\"article:modified_time\" content=\"2023-03-09T12:59:32+00:00\" \/>\n<meta name=\"twitter:card\" content=\"summary_large_image\" \/>\n<meta name=\"twitter:label1\" content=\"Est. reading time\" \/>\n\t<meta name=\"twitter:data1\" content=\"1 minute\" \/>\n<script type=\"application\/ld+json\" class=\"yoast-schema-graph\">{\"@context\":\"https:\/\/schema.org\",\"@graph\":[{\"@type\":\"WebPage\",\"@id\":\"https:\/\/rocamoraarquitectura.com\/en\/audiovisual\/\",\"url\":\"https:\/\/rocamoraarquitectura.com\/en\/audiovisual\/\",\"name\":\"Audiovisual - Rocamora\",\"isPartOf\":{\"@id\":\"https:\/\/rocamoraarquitectura.com\/en\/#website\"},\"datePublished\":\"2022-12-16T11:35:29+00:00\",\"dateModified\":\"2023-03-09T12:59:32+00:00\",\"breadcrumb\":{\"@id\":\"https:\/\/rocamoraarquitectura.com\/en\/audiovisual\/#breadcrumb\"},\"inLanguage\":\"en-US\",\"potentialAction\":[{\"@type\":\"ReadAction\",\"target\":[\"https:\/\/rocamoraarquitectura.com\/en\/audiovisual\/\"]}]},{\"@type\":\"BreadcrumbList\",\"@id\":\"https:\/\/rocamoraarquitectura.com\/en\/audiovisual\/#breadcrumb\",\"itemListElement\":[{\"@type\":\"ListItem\",\"position\":1,\"name\":\"Portada\",\"item\":\"https:\/\/rocamoraarquitectura.com\/en\/\"},{\"@type\":\"ListItem\",\"position\":2,\"name\":\"Audiovisual\"}]},{\"@type\":\"WebSite\",\"@id\":\"https:\/\/rocamoraarquitectura.com\/en\/#website\",\"url\":\"https:\/\/rocamoraarquitectura.com\/en\/\",\"name\":\"Rocamora\",\"description\":\"Museograf\u00eda y Arquitectura\",\"publisher\":{\"@id\":\"https:\/\/rocamoraarquitectura.com\/en\/#organization\"},\"potentialAction\":[{\"@type\":\"SearchAction\",\"target\":{\"@type\":\"EntryPoint\",\"urlTemplate\":\"https:\/\/rocamoraarquitectura.com\/en\/?s={search_term_string}\"},\"query-input\":{\"@type\":\"PropertyValueSpecification\",\"valueRequired\":true,\"valueName\":\"search_term_string\"}}],\"inLanguage\":\"en-US\"},{\"@type\":\"Organization\",\"@id\":\"https:\/\/rocamoraarquitectura.com\/en\/#organization\",\"name\":\"Rocamora\",\"url\":\"https:\/\/rocamoraarquitectura.com\/en\/\",\"logo\":{\"@type\":\"ImageObject\",\"inLanguage\":\"en-US\",\"@id\":\"https:\/\/rocamoraarquitectura.com\/en\/#\/schema\/logo\/image\/\",\"url\":\"https:\/\/rocamoraarquitectura.com\/wp-content\/uploads\/2022\/09\/Rocamora-logo-black.png\",\"contentUrl\":\"https:\/\/rocamoraarquitectura.com\/wp-content\/uploads\/2022\/09\/Rocamora-logo-black.png\",\"width\":2800,\"height\":283,\"caption\":\"Rocamora\"},\"image\":{\"@id\":\"https:\/\/rocamoraarquitectura.com\/en\/#\/schema\/logo\/image\/\"}}]}<\/script>\n<!-- \/ Yoast SEO plugin. -->","yoast_head_json":{"title":"Audiovisual - Rocamora","robots":{"index":"index","follow":"follow","max-snippet":"max-snippet:-1","max-image-preview":"max-image-preview:large","max-video-preview":"max-video-preview:-1"},"canonical":"https:\/\/rocamoraarquitectura.com\/en\/audiovisual\/","og_locale":"en_US","og_type":"article","og_title":"Audiovisual - Rocamora","og_description":"AUDIOVISUALS FOR MUSEUMS AND EXHIBITIONS Regardless of the nature of the content of each exhibition, audiovisuals are an important element in these spaces. In an increasingly digital and interactive world, technology and innovation also have their place in the world of art and culture. Our team specialized in audiovisuals for exhibitions, designs and creates audiovisual content, based on the narrative of the exhibition, images provided and its content. Reproducir Reproducir Reproducir Reproducir Reproducir","og_url":"https:\/\/rocamoraarquitectura.com\/en\/audiovisual\/","og_site_name":"Rocamora","article_modified_time":"2023-03-09T12:59:32+00:00","twitter_card":"summary_large_image","twitter_misc":{"Est. reading time":"1 minute"},"schema":{"@context":"https:\/\/schema.org","@graph":[{"@type":"WebPage","@id":"https:\/\/rocamoraarquitectura.com\/en\/audiovisual\/","url":"https:\/\/rocamoraarquitectura.com\/en\/audiovisual\/","name":"Audiovisual - Rocamora","isPartOf":{"@id":"https:\/\/rocamoraarquitectura.com\/en\/#website"},"datePublished":"2022-12-16T11:35:29+00:00","dateModified":"2023-03-09T12:59:32+00:00","breadcrumb":{"@id":"https:\/\/rocamoraarquitectura.com\/en\/audiovisual\/#breadcrumb"},"inLanguage":"en-US","potentialAction":[{"@type":"ReadAction","target":["https:\/\/rocamoraarquitectura.com\/en\/audiovisual\/"]}]},{"@type":"BreadcrumbList","@id":"https:\/\/rocamoraarquitectura.com\/en\/audiovisual\/#breadcrumb","itemListElement":[{"@type":"ListItem","position":1,"name":"Portada","item":"https:\/\/rocamoraarquitectura.com\/en\/"},{"@type":"ListItem","position":2,"name":"Audiovisual"}]},{"@type":"WebSite","@id":"https:\/\/rocamoraarquitectura.com\/en\/#website","url":"https:\/\/rocamoraarquitectura.com\/en\/","name":"Rocamora","description":"Museograf\u00eda y Arquitectura","publisher":{"@id":"https:\/\/rocamoraarquitectura.com\/en\/#organization"},"potentialAction":[{"@type":"SearchAction","target":{"@type":"EntryPoint","urlTemplate":"https:\/\/rocamoraarquitectura.com\/en\/?s={search_term_string}"},"query-input":{"@type":"PropertyValueSpecification","valueRequired":true,"valueName":"search_term_string"}}],"inLanguage":"en-US"},{"@type":"Organization","@id":"https:\/\/rocamoraarquitectura.com\/en\/#organization","name":"Rocamora","url":"https:\/\/rocamoraarquitectura.com\/en\/","logo":{"@type":"ImageObject","inLanguage":"en-US","@id":"https:\/\/rocamoraarquitectura.com\/en\/#\/schema\/logo\/image\/","url":"https:\/\/rocamoraarquitectura.com\/wp-content\/uploads\/2022\/09\/Rocamora-logo-black.png","contentUrl":"https:\/\/rocamoraarquitectura.com\/wp-content\/uploads\/2022\/09\/Rocamora-logo-black.png","width":2800,"height":283,"caption":"Rocamora"},"image":{"@id":"https:\/\/rocamoraarquitectura.com\/en\/#\/schema\/logo\/image\/"}}]}},"acf":[],"_links":{"self":[{"href":"https:\/\/rocamoraarquitectura.com\/en\/wp-json\/wp\/v2\/pages\/20579","targetHints":{"allow":["GET"]}}],"collection":[{"href":"https:\/\/rocamoraarquitectura.com\/en\/wp-json\/wp\/v2\/pages"}],"about":[{"href":"https:\/\/rocamoraarquitectura.com\/en\/wp-json\/wp\/v2\/types\/page"}],"author":[{"embeddable":true,"href":"https:\/\/rocamoraarquitectura.com\/en\/wp-json\/wp\/v2\/users\/6"}],"replies":[{"embeddable":true,"href":"https:\/\/rocamoraarquitectura.com\/en\/wp-json\/wp\/v2\/comments?post=20579"}],"version-history":[{"count":4,"href":"https:\/\/rocamoraarquitectura.com\/en\/wp-json\/wp\/v2\/pages\/20579\/revisions"}],"predecessor-version":[{"id":21658,"href":"https:\/\/rocamoraarquitectura.com\/en\/wp-json\/wp\/v2\/pages\/20579\/revisions\/21658"}],"wp:attachment":[{"href":"https:\/\/rocamoraarquitectura.com\/en\/wp-json\/wp\/v2\/media?parent=20579"}],"curies":[{"name":"wp","href":"https:\/\/api.w.org\/{rel}","templated":true}]}}